{"id":226,"date":"2020-07-11T13:39:39","date_gmt":"2020-07-11T13:39:39","guid":{"rendered":"http:\/\/ddwl.eu\/?page_id=226"},"modified":"2020-07-15T07:55:37","modified_gmt":"2020-07-15T07:55:37","slug":"das-richtige-material","status":"publish","type":"page","link":"https:\/\/ddwl.eu\/?page_id=226","title":{"rendered":"das richtige Material"},"content":{"rendered":"<p><a href=\"http:\/\/ddwl.eu\/wp-content\/uploads\/2020\/07\/das-richtige-Material.jpg\"><img decoding=\"async\" loading=\"lazy\" class=\"size-full wp-image-227 alignnone\" src=\"http:\/\/ddwl.eu\/wp-content\/uploads\/2020\/07\/das-richtige-Material.jpg\" alt=\"\" width=\"1385\" height=\"921\" srcset=\"https:\/\/ddwl.eu\/wp-content\/uploads\/2020\/07\/das-richtige-Material.jpg 1385w, https:\/\/ddwl.eu\/wp-content\/uploads\/2020\/07\/das-richtige-Material-300x199.jpg 300w, https:\/\/ddwl.eu\/wp-content\/uploads\/2020\/07\/das-richtige-Material-1024x681.jpg 1024w, https:\/\/ddwl.eu\/wp-content\/uploads\/2020\/07\/das-richtige-Material-768x511.jpg 768w\" sizes=\"(max-width: 1385px) 100vw, 1385px\" \/><\/a><\/p>\n<p>Die einfachen Dinge sind oft die Besten. Gro\u00dfe K\u00f6che kommen bei der Zubereitung der feinsten Speisen oft mit Salz und Pfeffer zum W\u00fcrzen aus. Genauso sollte auch bei der Neunutzung von alten Geb\u00e4uden vorgegangen werden.<\/p>\n<p>Nehmen Sie Holz aus Europa, weichgebrannte Ziegelsteine in Kalkm\u00f6rtel, Lehmputz mit Holzfaserd\u00e4mmung und Farben auf nat\u00fcrlicher Basis und sie werden die Erfahrung machen, dass diese Materialien zusammen einen harmonischen Einklang bilden.<\/p>\n<p>Dabei braucht niemand auf den Komfort des 21. Jahrhunderts zu verzichten. Fu\u00dfboden- und Wandheizung, schall- und w\u00e4rmed\u00e4mmende Fenster und smart functions k\u00f6nnen heute auch im Denkmal Standards sein.<\/p>\n","protected":false},"excerpt":{"rendered":"<p>Die einfachen Dinge sind oft die Besten. Gro\u00dfe K\u00f6che kommen bei der Zubereitung der feinsten Speisen oft mit Salz und Pfeffer zum W\u00fcrzen aus. Genauso sollte auch bei der Neunutzung von alten Geb\u00e4uden vorgegangen werden. Nehmen Sie Holz aus Europa, weichgebrannte Ziegelsteine in Kalkm\u00f6rtel, Lehmputz mit Holzfaserd\u00e4mmung und Farben auf nat\u00fcrlicher Basis und sie werden [&hellip;]<\/p>\n","protected":false},"author":1,"featured_media":0,"parent":37,"menu_order":7,"comment_status":"closed","ping_status":"closed","template":"","meta":[],"_links":{"self":[{"href":"https:\/\/ddwl.eu\/index.php?rest_route=\/wp\/v2\/pages\/226"}],"collection":[{"href":"https:\/\/ddwl.eu\/index.php?rest_route=\/wp\/v2\/pages"}],"about":[{"href":"https:\/\/ddwl.eu\/index.php?rest_route=\/wp\/v2\/types\/page"}],"author":[{"embeddable":true,"href":"https:\/\/ddwl.eu\/index.php?rest_route=\/wp\/v2\/users\/1"}],"replies":[{"embeddable":true,"href":"https:\/\/ddwl.eu\/index.php?rest_route=%2Fwp%2Fv2%2Fcomments&post=226"}],"version-history":[{"count":4,"href":"https:\/\/ddwl.eu\/index.php?rest_route=\/wp\/v2\/pages\/226\/revisions"}],"predecessor-version":[{"id":353,"href":"https:\/\/ddwl.eu\/index.php?rest_route=\/wp\/v2\/pages\/226\/revisions\/353"}],"up":[{"embeddable":true,"href":"https:\/\/ddwl.eu\/index.php?rest_route=\/wp\/v2\/pages\/37"}],"wp:attachment":[{"href":"https:\/\/ddwl.eu\/index.php?rest_route=%2Fwp%2Fv2%2Fmedia&parent=226"}],"curies":[{"name":"wp","href":"https:\/\/api.w.org\/{rel}","templated":true}]}}