{"id":209,"date":"2020-07-11T13:12:45","date_gmt":"2020-07-11T13:12:45","guid":{"rendered":"http:\/\/ddwl.eu\/?page_id=209"},"modified":"2020-07-11T13:12:45","modified_gmt":"2020-07-11T13:12:45","slug":"sehen-lernen","status":"publish","type":"page","link":"https:\/\/ddwl.eu\/?page_id=209","title":{"rendered":"sehen lernen"},"content":{"rendered":"<p><a href=\"http:\/\/ddwl.eu\/wp-content\/uploads\/2020\/07\/sehen-lernen.jpg\"><img decoding=\"async\" loading=\"lazy\" class=\"size-full wp-image-210 alignnone\" src=\"http:\/\/ddwl.eu\/wp-content\/uploads\/2020\/07\/sehen-lernen.jpg\" alt=\"\" width=\"1225\" height=\"736\" srcset=\"https:\/\/ddwl.eu\/wp-content\/uploads\/2020\/07\/sehen-lernen.jpg 1225w, https:\/\/ddwl.eu\/wp-content\/uploads\/2020\/07\/sehen-lernen-300x180.jpg 300w, https:\/\/ddwl.eu\/wp-content\/uploads\/2020\/07\/sehen-lernen-1024x615.jpg 1024w, https:\/\/ddwl.eu\/wp-content\/uploads\/2020\/07\/sehen-lernen-768x461.jpg 768w\" sizes=\"(max-width: 1225px) 100vw, 1225px\" \/><\/a><br \/>\nZum Bauen hat jeder eine Meinung. Selbsternannte Experten geben gratis und ungefragt Kommentare ab, gerade wenn jemand ein Fachwerkhaus wieder bewohnbar herrichten will.<\/p>\n<p>Ich habe solche Leute dann gerne gefragt ob sie ihrem Zahnarzt wohl auch in seine Arbeit hereinreden w\u00fcrden, meistens war das Gespr\u00e4ch dann schnell beendet.<\/p>\n<p>Dabei ist das analytische Betrachten eines Geb\u00e4udes eine schwierige, oft untersch\u00e4tzte Aufgabe. Selbst dem erfahrenden Baut\u00e4tigen begegnen immer neue Herausforderungen,<\/p>\n<p>dem Unerfahrenen wird der leichtfertige Umgang mit der alten Substanz viel Nerven und Geld kosten. Darum ist das genaue Hinsehen so wichtig.<\/p>\n","protected":false},"excerpt":{"rendered":"<p>Zum Bauen hat jeder eine Meinung. Selbsternannte Experten geben gratis und ungefragt Kommentare ab, gerade wenn jemand ein Fachwerkhaus wieder bewohnbar herrichten will. Ich habe solche Leute dann gerne gefragt ob sie ihrem Zahnarzt wohl auch in seine Arbeit hereinreden w\u00fcrden, meistens war das Gespr\u00e4ch dann schnell beendet. Dabei ist das analytische Betrachten eines Geb\u00e4udes [&hellip;]<\/p>\n","protected":false},"author":1,"featured_media":0,"parent":37,"menu_order":4,"comment_status":"closed","ping_status":"closed","template":"","meta":[],"_links":{"self":[{"href":"https:\/\/ddwl.eu\/index.php?rest_route=\/wp\/v2\/pages\/209"}],"collection":[{"href":"https:\/\/ddwl.eu\/index.php?rest_route=\/wp\/v2\/pages"}],"about":[{"href":"https:\/\/ddwl.eu\/index.php?rest_route=\/wp\/v2\/types\/page"}],"author":[{"embeddable":true,"href":"https:\/\/ddwl.eu\/index.php?rest_route=\/wp\/v2\/users\/1"}],"replies":[{"embeddable":true,"href":"https:\/\/ddwl.eu\/index.php?rest_route=%2Fwp%2Fv2%2Fcomments&post=209"}],"version-history":[{"count":1,"href":"https:\/\/ddwl.eu\/index.php?rest_route=\/wp\/v2\/pages\/209\/revisions"}],"predecessor-version":[{"id":211,"href":"https:\/\/ddwl.eu\/index.php?rest_route=\/wp\/v2\/pages\/209\/revisions\/211"}],"up":[{"embeddable":true,"href":"https:\/\/ddwl.eu\/index.php?rest_route=\/wp\/v2\/pages\/37"}],"wp:attachment":[{"href":"https:\/\/ddwl.eu\/index.php?rest_route=%2Fwp%2Fv2%2Fmedia&parent=209"}],"curies":[{"name":"wp","href":"https:\/\/api.w.org\/{rel}","templated":true}]}}