{"id":193,"date":"2020-07-11T12:48:33","date_gmt":"2020-07-11T12:48:33","guid":{"rendered":"http:\/\/ddwl.eu\/?page_id=193"},"modified":"2020-07-11T12:58:27","modified_gmt":"2020-07-11T12:58:27","slug":"unikate-bewahren","status":"publish","type":"page","link":"https:\/\/ddwl.eu\/?page_id=193","title":{"rendered":"Unikate bewahren"},"content":{"rendered":"<p>&nbsp;<\/p>\n<p><a href=\"http:\/\/ddwl.eu\/wp-content\/uploads\/2020\/07\/Papiernbentrup.jpg\"><img decoding=\"async\" loading=\"lazy\" class=\"alignleft size-full wp-image-194\" src=\"http:\/\/ddwl.eu\/wp-content\/uploads\/2020\/07\/Papiernbentrup.jpg\" alt=\"\" width=\"1386\" height=\"1039\" srcset=\"https:\/\/ddwl.eu\/wp-content\/uploads\/2020\/07\/Papiernbentrup.jpg 1386w, https:\/\/ddwl.eu\/wp-content\/uploads\/2020\/07\/Papiernbentrup-300x225.jpg 300w, https:\/\/ddwl.eu\/wp-content\/uploads\/2020\/07\/Papiernbentrup-1024x768.jpg 1024w, https:\/\/ddwl.eu\/wp-content\/uploads\/2020\/07\/Papiernbentrup-768x576.jpg 768w\" sizes=\"(max-width: 1386px) 100vw, 1386px\" \/><\/a><\/p>\n<p>&nbsp;<\/p>\n<h5>\n<em>Kleines Vierst\u00e4nder-Haus in der N\u00e4he von Lemgo\/ Kreis Lippe<\/em><\/h5>\n<p>&nbsp;<\/p>\n<p>Jedes Fachwerkhaus ist einmalig. Es ist individuell zugerichtet auf die Belange der ehemaligen Auftraggeber.<\/p>\n<p>Ein Fachwerkhaus bewahren hei\u00dft auch, seine Eigenarten zu akzeptieren.<\/p>\n<p>Als Beispiel seien hier Raumgr\u00f6\u00dfen oder Deckenh\u00f6hen genannt. Hier sind kreative L\u00f6sungen gefragt, die neue Nutzung und alte Baukunst gleicherma\u00dfen ber\u00fccksichtigen.<\/p>\n<p>\u00dcbernutzungen von historischen Bauten bergen Gefahren f\u00fcr den Bestand,<\/p>\n<p>Stichwort: Tauwasserausfall.<\/p>\n<p>Hier bietet Ihnen der DenkmalDienst Westfalen-Lippe einen gro\u00dfen Erfahrungsschatz bei der Beratung zu Ihrem eigenen, einmaligen Bauvorhaben.<\/p>\n","protected":false},"excerpt":{"rendered":"<p>&nbsp; &nbsp; Kleines Vierst\u00e4nder-Haus in der N\u00e4he von Lemgo\/ Kreis Lippe &nbsp; Jedes Fachwerkhaus ist einmalig. Es ist individuell zugerichtet auf die Belange der ehemaligen Auftraggeber. Ein Fachwerkhaus bewahren hei\u00dft auch, seine Eigenarten zu akzeptieren. Als Beispiel seien hier Raumgr\u00f6\u00dfen oder Deckenh\u00f6hen genannt. Hier sind kreative L\u00f6sungen gefragt, die neue Nutzung und alte Baukunst gleicherma\u00dfen [&hellip;]<\/p>\n","protected":false},"author":1,"featured_media":0,"parent":37,"menu_order":2,"comment_status":"closed","ping_status":"closed","template":"","meta":[],"_links":{"self":[{"href":"https:\/\/ddwl.eu\/index.php?rest_route=\/wp\/v2\/pages\/193"}],"collection":[{"href":"https:\/\/ddwl.eu\/index.php?rest_route=\/wp\/v2\/pages"}],"about":[{"href":"https:\/\/ddwl.eu\/index.php?rest_route=\/wp\/v2\/types\/page"}],"author":[{"embeddable":true,"href":"https:\/\/ddwl.eu\/index.php?rest_route=\/wp\/v2\/users\/1"}],"replies":[{"embeddable":true,"href":"https:\/\/ddwl.eu\/index.php?rest_route=%2Fwp%2Fv2%2Fcomments&post=193"}],"version-history":[{"count":4,"href":"https:\/\/ddwl.eu\/index.php?rest_route=\/wp\/v2\/pages\/193\/revisions"}],"predecessor-version":[{"id":199,"href":"https:\/\/ddwl.eu\/index.php?rest_route=\/wp\/v2\/pages\/193\/revisions\/199"}],"up":[{"embeddable":true,"href":"https:\/\/ddwl.eu\/index.php?rest_route=\/wp\/v2\/pages\/37"}],"wp:attachment":[{"href":"https:\/\/ddwl.eu\/index.php?rest_route=%2Fwp%2Fv2%2Fmedia&parent=193"}],"curies":[{"name":"wp","href":"https:\/\/api.w.org\/{rel}","templated":true}]}}