{"id":37,"date":"2020-07-04T16:27:23","date_gmt":"2020-07-04T16:27:23","guid":{"rendered":"http:\/\/ddwl.eu\/?page_id=37"},"modified":"2020-07-11T12:32:38","modified_gmt":"2020-07-11T12:32:38","slug":"denkmale","status":"publish","type":"page","link":"http:\/\/ddwl.eu\/?page_id=37","title":{"rendered":"erhalten und bewahren"},"content":{"rendered":"<p>&nbsp;<\/p>\n<p><strong>Vorgehensweise<\/strong><\/p>\n<p><a href=\"http:\/\/ddwl.eu\/wp-content\/uploads\/2020\/07\/Vorgehensweise.png\"><img decoding=\"async\" loading=\"lazy\" class=\"size-full wp-image-189 alignnone\" src=\"http:\/\/ddwl.eu\/wp-content\/uploads\/2020\/07\/Vorgehensweise.png\" alt=\"\" width=\"491\" height=\"367\" srcset=\"http:\/\/ddwl.eu\/wp-content\/uploads\/2020\/07\/Vorgehensweise.png 491w, http:\/\/ddwl.eu\/wp-content\/uploads\/2020\/07\/Vorgehensweise-300x224.png 300w\" sizes=\"(max-width: 491px) 100vw, 491px\" \/><\/a><\/p>\n<p>Ausschnitt aus einer Schadenskartierung<\/p>\n<p>&nbsp;<\/p>\n<p>&nbsp;<\/p>\n<p>&nbsp;<\/p>\n<ol>\n<li>Der erste und wichtigste Schritt ist das Sehen.<\/li>\n<\/ol>\n<p>Was ist mit dem Geb\u00e4ude los? \u2013 wo sind die Sch\u00e4den?<\/p>\n<ol start=\"2\">\n<li>Danach werden Pl\u00e4ne auf der Grundlage eines Bauaufma\u00dfes erstellt, \u00fcbrigens immer von Hand- der Altbau kennt keinen rechten Winkel!\u00a0 Computergenerierte Zeichnungen sind zwar sehr genau, es kommt aber auf die Erfahrung des Untersuchenden an, wenn man pr\u00e4zise Ergebnisse erzeugen will.<\/li>\n<li>Die befundenen Sch\u00e4den werden in die Pl\u00e4ne eingetragen- ein Schadenskataster entsteht<\/li>\n<\/ol>\n<ol start=\"4\">\n<li>Auf Grundlage des Schadenskatasters werden Massen, Art der anstehenden Arbeiten und\u2013 nicht zuletzt- die Kosten genau beschrieben und vorausberechnet<\/li>\n<\/ol>\n<ol start=\"5\">\n<li>die Unterlagen gehen im Antrag auf denkmalrechtliche Erlaubnis auf.<\/li>\n<\/ol>\n","protected":false},"excerpt":{"rendered":"<p>&nbsp; Vorgehensweise Ausschnitt aus einer Schadenskartierung &nbsp; &nbsp; &nbsp; Der erste und wichtigste Schritt ist das Sehen. Was ist mit dem Geb\u00e4ude los? \u2013 wo sind die Sch\u00e4den? Danach werden Pl\u00e4ne auf der Grundlage eines Bauaufma\u00dfes erstellt, \u00fcbrigens immer von Hand- der Altbau kennt keinen rechten Winkel!\u00a0 Computergenerierte Zeichnungen sind zwar sehr genau, es kommt [&hellip;]<\/p>\n","protected":false},"author":1,"featured_media":0,"parent":0,"menu_order":50,"comment_status":"closed","ping_status":"closed","template":"","meta":[],"_links":{"self":[{"href":"http:\/\/ddwl.eu\/index.php?rest_route=\/wp\/v2\/pages\/37"}],"collection":[{"href":"http:\/\/ddwl.eu\/index.php?rest_route=\/wp\/v2\/pages"}],"about":[{"href":"http:\/\/ddwl.eu\/index.php?rest_route=\/wp\/v2\/types\/page"}],"author":[{"embeddable":true,"href":"http:\/\/ddwl.eu\/index.php?rest_route=\/wp\/v2\/users\/1"}],"replies":[{"embeddable":true,"href":"http:\/\/ddwl.eu\/index.php?rest_route=%2Fwp%2Fv2%2Fcomments&post=37"}],"version-history":[{"count":6,"href":"http:\/\/ddwl.eu\/index.php?rest_route=\/wp\/v2\/pages\/37\/revisions"}],"predecessor-version":[{"id":192,"href":"http:\/\/ddwl.eu\/index.php?rest_route=\/wp\/v2\/pages\/37\/revisions\/192"}],"wp:attachment":[{"href":"http:\/\/ddwl.eu\/index.php?rest_route=%2Fwp%2Fv2%2Fmedia&parent=37"}],"curies":[{"name":"wp","href":"https:\/\/api.w.org\/{rel}","templated":true}]}}