{"id":34,"date":"2020-07-04T16:26:34","date_gmt":"2020-07-04T16:26:34","guid":{"rendered":"http:\/\/ddwl.eu\/?page_id=34"},"modified":"2023-07-23T10:16:43","modified_gmt":"2023-07-23T10:16:43","slug":"kosten","status":"publish","type":"page","link":"http:\/\/ddwl.eu\/?page_id=34","title":{"rendered":"Kosten"},"content":{"rendered":"<p><a href=\"http:\/\/ddwl.eu\/wp-content\/uploads\/2020\/07\/Kosten-3.png\"><img decoding=\"async\" loading=\"lazy\" class=\"alignleft wp-image-277\" src=\"http:\/\/ddwl.eu\/wp-content\/uploads\/2020\/07\/Kosten-3.png\" alt=\"\" width=\"557\" height=\"709\" srcset=\"http:\/\/ddwl.eu\/wp-content\/uploads\/2020\/07\/Kosten-3.png 509w, http:\/\/ddwl.eu\/wp-content\/uploads\/2020\/07\/Kosten-3-236x300.png 236w\" sizes=\"(max-width: 557px) 100vw, 557px\" \/><\/a><\/p>\n<p>&nbsp;<\/p>\n<p>&nbsp;<\/p>\n<p>&nbsp;<\/p>\n<p>&nbsp;<\/p>\n<p>&nbsp;<\/p>\n<p>&nbsp;<\/p>\n<p>&nbsp;<\/p>\n<p>&nbsp;<\/p>\n<p>&nbsp;<\/p>\n<p>&nbsp;<\/p>\n<p>&nbsp;<\/p>\n<p>&nbsp;<\/p>\n<p>&nbsp;<\/p>\n<p>&nbsp;<\/p>\n<p>&nbsp;<\/p>\n<p>&nbsp;<\/p>\n<p>&nbsp;<\/p>\n<p>&nbsp;<\/p>\n<p>&nbsp;<\/p>\n<p>&nbsp;<\/p>\n<p>&nbsp;<\/p>\n<p>&nbsp;<\/p>\n<p>&nbsp;<\/p>\n<p><strong>Meine Kosten:<\/strong><\/p>\n<p><strong>\u00a0<\/strong><\/p>\n<p>Der Erstbesuch ist f\u00fcr meine Kunden immer kostenfrei.*<\/p>\n<p>Ich lege gro\u00dfen Wert darauf, dass meine Kunden mich kennenlernen k\u00f6nnen, ohne auf die Uhr zu sehen. Und ich m\u00f6chte auch meine Kunden kennenlernen und herausfinden, ob wir zusammen passen und zusammen etwas erreichen wollen.<\/p>\n<p>&nbsp;<\/p>\n<p>In kurzem Zeitabstand erfolgt dann ein Angebot \u00fcber die besprochenen Leistungen, mit Festpreisen versehen. In Ausnahmef\u00e4llen, wie bei der Begleitung eines Bauvorhabens oder der Vermittlung von Arbeitstechniken an die Bauherrschaft, wird im Stundenlohn abgerechnet.<\/p>\n<p>&nbsp;<\/p>\n<p>Abgerechnet wird in der Regel nach erfolgter Leistung, z.B. nach der von den Denkmalbeh\u00f6rden erteilten Genehmigung f\u00fcr das Bauvorhaben.<\/p>\n<p>&nbsp;<\/p>\n<p><strong>Mein Arbeitsgebiet:<\/strong><\/p>\n<p>&nbsp;<\/p>\n<p>Ich bet\u00e4tige mich im Bereich\u00a0 Westfalen-Lippe. In diesem gro\u00dfen Gebiet zwischen Siegerland und Lipperland kenne ich mich aus, kenne viele Denkmalbeh\u00f6rden und Bauschaffende und bin hier zuhause. Die uns \u00fcbergebenen Geb\u00e4ude stehen in einem bestimmten regionalen Kontext, die Beachtung dieser Regionalit\u00e4t ist mir wichtig.<\/p>\n<p>&nbsp;<\/p>\n<p>&nbsp;<\/p>\n<h6>*<em>ab einem Umkreis von 30 km berechne ich Fahrtkosten, die zum Ausgleich des \u00f6kologischen Fu\u00dfabdruckes anteilig an eine gemeinn\u00fctzige Stiftung abgef\u00fchrt werden.<\/em><\/h6>\n","protected":false},"excerpt":{"rendered":"<p>&nbsp; &nbsp; &nbsp; &nbsp; &nbsp; &nbsp; &nbsp; &nbsp; &nbsp; &nbsp; &nbsp; &nbsp; &nbsp; &nbsp; &nbsp; &nbsp; &nbsp; &nbsp; &nbsp; &nbsp; &nbsp; &nbsp; &nbsp; Meine Kosten: \u00a0 Der Erstbesuch ist f\u00fcr meine Kunden immer kostenfrei.* Ich lege gro\u00dfen Wert darauf, dass meine Kunden mich kennenlernen k\u00f6nnen, ohne auf die Uhr zu sehen. Und ich m\u00f6chte auch [&hellip;]<\/p>\n","protected":false},"author":1,"featured_media":0,"parent":0,"menu_order":40,"comment_status":"closed","ping_status":"closed","template":"","meta":[],"_links":{"self":[{"href":"http:\/\/ddwl.eu\/index.php?rest_route=\/wp\/v2\/pages\/34"}],"collection":[{"href":"http:\/\/ddwl.eu\/index.php?rest_route=\/wp\/v2\/pages"}],"about":[{"href":"http:\/\/ddwl.eu\/index.php?rest_route=\/wp\/v2\/types\/page"}],"author":[{"embeddable":true,"href":"http:\/\/ddwl.eu\/index.php?rest_route=\/wp\/v2\/users\/1"}],"replies":[{"embeddable":true,"href":"http:\/\/ddwl.eu\/index.php?rest_route=%2Fwp%2Fv2%2Fcomments&post=34"}],"version-history":[{"count":26,"href":"http:\/\/ddwl.eu\/index.php?rest_route=\/wp\/v2\/pages\/34\/revisions"}],"predecessor-version":[{"id":424,"href":"http:\/\/ddwl.eu\/index.php?rest_route=\/wp\/v2\/pages\/34\/revisions\/424"}],"wp:attachment":[{"href":"http:\/\/ddwl.eu\/index.php?rest_route=%2Fwp%2Fv2%2Fmedia&parent=34"}],"curies":[{"name":"wp","href":"https:\/\/api.w.org\/{rel}","templated":true}]}}