{"id":28,"date":"2020-07-04T16:22:50","date_gmt":"2020-07-04T16:22:50","guid":{"rendered":"http:\/\/ddwl.eu\/?page_id=28"},"modified":"2023-07-23T08:37:19","modified_gmt":"2023-07-23T08:37:19","slug":"leistungen","status":"publish","type":"page","link":"http:\/\/ddwl.eu\/?page_id=28","title":{"rendered":"Leistungen"},"content":{"rendered":"<p>F\u00fcr Sie f\u00fchre ich folgende Leistungen an Ihrem Baudenkmal aus:<\/p>\n<p>&nbsp;<\/p>\n<ul>\n<li>Ausarbeitung von Antr\u00e4gen auf denkmalrechtliche Erlaubnis nach \u00a7 9 Denkmalschutzgesetz NRW<\/li>\n<li>Mitw. Benehmensherstellung mit den beteiligten Beh\u00f6rden, F\u00f6rderungsberatung- und Akquise<\/li>\n<li>Erstellung von manuellen Bauaufma\u00dfen und Bestandspl\u00e4nen<\/li>\n<li>Erstellung von digitalen Aufma\u00dfen*<\/li>\n<li>Erstellung von Schadensuntersuchungen und Schadenskatastern<\/li>\n<li>technische Untersuchungen, statische Nachweise, Bohrwiderstandsmessungen<\/li>\n<li>bauhistorische Untersuchungen und Bauforschung, thermographische Bauteiluntersuchung<\/li>\n<li>historische und technische Bewertungen, Raumbucherstellung<\/li>\n<li>Sch\u00e4dlingsbefundung, Monitoring und Sanierungsbegleitung<\/li>\n<li>Sanierungskonzepte, Baubegleitung und Bauberatung, Kontinuit\u00e4tsmanagement<\/li>\n<li>Vorkalkulation und Angebotsbeiziehungen<\/li>\n<li>Umnutzungsplanungen in Verbindung mit Ihrem Architekturb\u00fcro<\/li>\n<li>Vortragsveranstaltungen zum Thema Denkmalpflege allgemein, zu \u00f6ffentlichen Baudenkmalen und<\/li>\n<li>auf Ihr Objekt zugeschnitten, Schulvortr\u00e4ge<\/li>\n<\/ul>\n<p><em>*in Verbindung mit Fachfirmen<\/em><\/p>\n<p>&nbsp;<\/p>\n","protected":false},"excerpt":{"rendered":"<p>F\u00fcr Sie f\u00fchre ich folgende Leistungen an Ihrem Baudenkmal aus: &nbsp; Ausarbeitung von Antr\u00e4gen auf denkmalrechtliche Erlaubnis nach \u00a7 9 Denkmalschutzgesetz NRW Mitw. Benehmensherstellung mit den beteiligten Beh\u00f6rden, F\u00f6rderungsberatung- und Akquise Erstellung von manuellen Bauaufma\u00dfen und Bestandspl\u00e4nen Erstellung von digitalen Aufma\u00dfen* Erstellung von Schadensuntersuchungen und Schadenskatastern technische Untersuchungen, statische Nachweise, Bohrwiderstandsmessungen bauhistorische Untersuchungen und Bauforschung, [&hellip;]<\/p>\n","protected":false},"author":1,"featured_media":0,"parent":0,"menu_order":10,"comment_status":"closed","ping_status":"closed","template":"","meta":[],"_links":{"self":[{"href":"http:\/\/ddwl.eu\/index.php?rest_route=\/wp\/v2\/pages\/28"}],"collection":[{"href":"http:\/\/ddwl.eu\/index.php?rest_route=\/wp\/v2\/pages"}],"about":[{"href":"http:\/\/ddwl.eu\/index.php?rest_route=\/wp\/v2\/types\/page"}],"author":[{"embeddable":true,"href":"http:\/\/ddwl.eu\/index.php?rest_route=\/wp\/v2\/users\/1"}],"replies":[{"embeddable":true,"href":"http:\/\/ddwl.eu\/index.php?rest_route=%2Fwp%2Fv2%2Fcomments&post=28"}],"version-history":[{"count":5,"href":"http:\/\/ddwl.eu\/index.php?rest_route=\/wp\/v2\/pages\/28\/revisions"}],"predecessor-version":[{"id":367,"href":"http:\/\/ddwl.eu\/index.php?rest_route=\/wp\/v2\/pages\/28\/revisions\/367"}],"wp:attachment":[{"href":"http:\/\/ddwl.eu\/index.php?rest_route=%2Fwp%2Fv2%2Fmedia&parent=28"}],"curies":[{"name":"wp","href":"https:\/\/api.w.org\/{rel}","templated":true}]}}